{"id":7584,"date":"2025-08-11T20:06:54","date_gmt":"2025-08-12T02:06:54","guid":{"rendered":"https:\/\/prokartmty.com\/carrito\/"},"modified":"2025-08-15T22:19:26","modified_gmt":"2025-08-16T04:19:26","slug":"carrito","status":"publish","type":"page","link":"https:\/\/prokartmty.com\/en\/carrito\/","title":{"rendered":"Carrito"},"content":{"rendered":"<div data-elementor-type=\"wp-page\" data-elementor-id=\"7584\" class=\"elementor elementor-7584\" data-elementor-post-type=\"page\">\n\t\t\t\t<div class=\"elementor-element elementor-element-beb4926 e-flex e-con-boxed e-con e-parent\" data-id=\"beb4926\" data-element_type=\"container\" data-e-type=\"container\">\n\t\t\t\t\t<div class=\"e-con-inner\">\n\t\t\t\t\t<\/div>\n\t\t\t\t<\/div>\n\t\t\t\t<\/div>","protected":false},"excerpt":{"rendered":"<p>Eliminar art\u00edculo Imagen en miniatura Producto Precio Cantidad Subtotal &times; Llantas EntrenamientoEvinco AzulesCategor\u00edas Baby, Micro y Mini &#36;5,600.00 Llantas EntrenamientoEvinco AzulesCategor\u00edas Baby, Micro y Mini cantidad &#36;5,600.00 Totales del carrito Subtotal &#36;5,600.00 Total &#36;5,600.00 Proceder al pago<\/p>","protected":false},"author":1,"featured_media":0,"parent":0,"menu_order":0,"comment_status":"closed","ping_status":"closed","template":"","meta":{"_monsterinsights_skip_tracking":false,"_monsterinsights_sitenote_active":false,"_monsterinsights_sitenote_note":"","_monsterinsights_sitenote_category":0,"footnotes":""},"class_list":["post-7584","page","type-page","status-publish","hentry"],"_links":{"self":[{"href":"https:\/\/prokartmty.com\/en\/wp-json\/wp\/v2\/pages\/7584","targetHints":{"allow":["GET"]}}],"collection":[{"href":"https:\/\/prokartmty.com\/en\/wp-json\/wp\/v2\/pages"}],"about":[{"href":"https:\/\/prokartmty.com\/en\/wp-json\/wp\/v2\/types\/page"}],"author":[{"embeddable":true,"href":"https:\/\/prokartmty.com\/en\/wp-json\/wp\/v2\/users\/1"}],"replies":[{"embeddable":true,"href":"https:\/\/prokartmty.com\/en\/wp-json\/wp\/v2\/comments?post=7584"}],"version-history":[{"count":13,"href":"https:\/\/prokartmty.com\/en\/wp-json\/wp\/v2\/pages\/7584\/revisions"}],"predecessor-version":[{"id":7892,"href":"https:\/\/prokartmty.com\/en\/wp-json\/wp\/v2\/pages\/7584\/revisions\/7892"}],"wp:attachment":[{"href":"https:\/\/prokartmty.com\/en\/wp-json\/wp\/v2\/media?parent=7584"}],"curies":[{"name":"wp","href":"https:\/\/api.w.org\/{rel}","templated":true}]}}