{"id":4777,"date":"2024-11-01T06:59:49","date_gmt":"2024-11-01T12:59:49","guid":{"rendered":"https:\/\/prokartmty.com\/?page_id=4777"},"modified":"2025-04-21T02:20:50","modified_gmt":"2025-04-21T08:20:50","slug":"iame-series-mexico","status":"publish","type":"page","link":"https:\/\/prokartmty.com\/en\/campeonatos-skusa\/iame-series-mexico\/","title":{"rendered":"IAME Series M\u00e9xico"},"content":{"rendered":"<div data-elementor-type=\"wp-page\" data-elementor-id=\"4777\" class=\"elementor elementor-4777\" data-elementor-post-type=\"page\">\n\t\t\t\t<div class=\"elementor-element elementor-element-9ab6775 e-flex e-con-boxed e-con e-parent\" data-id=\"9ab6775\" data-element_type=\"container\" data-e-type=\"container\">\n\t\t\t\t\t<div class=\"e-con-inner\">\n\t\t\t\t<div class=\"elementor-element elementor-element-262e08e elementor-widget elementor-widget-image\" data-id=\"262e08e\" data-element_type=\"widget\" data-e-type=\"widget\" data-widget_type=\"image.default\">\n\t\t\t\t<div class=\"elementor-widget-container\">\n\t\t\t\t\t\t\t\t\t\t\t\t\t\t\t<img fetchpriority=\"high\" decoding=\"async\" width=\"1920\" height=\"1080\" src=\"https:\/\/prokartmty.com\/wp-content\/uploads\/2024\/10\/1.png\" class=\"attachment-full size-full wp-image-4891\" alt=\"\" srcset=\"https:\/\/prokartmty.com\/wp-content\/uploads\/2024\/10\/1.png 1920w, https:\/\/prokartmty.com\/wp-content\/uploads\/2024\/10\/1-300x169.png 300w, https:\/\/prokartmty.com\/wp-content\/uploads\/2024\/10\/1-1024x576.png 1024w, https:\/\/prokartmty.com\/wp-content\/uploads\/2024\/10\/1-768x432.png 768w, https:\/\/prokartmty.com\/wp-content\/uploads\/2024\/10\/1-1536x864.png 1536w, https:\/\/prokartmty.com\/wp-content\/uploads\/2024\/10\/1-18x10.png 18w\" sizes=\"(max-width: 1920px) 100vw, 1920px\" \/>\t\t\t\t\t\t\t\t\t\t\t\t\t\t\t<\/div>\n\t\t\t\t<\/div>\n\t\t\t\t<div class=\"elementor-element elementor-element-ebbb88f elementor-widget elementor-widget-heading\" data-id=\"ebbb88f\" data-element_type=\"widget\" data-e-type=\"widget\" data-widget_type=\"heading.default\">\n\t\t\t\t<div class=\"elementor-widget-container\">\n\t\t\t\t\t<h2 class=\"elementor-heading-title elementor-size-default\">IAME Series M\u00e9xico 2024 llega por primera vez<br>de la mano de SKUSA M\u00e9xico<\/h2>\t\t\t\t<\/div>\n\t\t\t\t<\/div>\n\t\t\t\t<div class=\"elementor-element elementor-element-4a9f575 elementor-widget elementor-widget-text-editor\" data-id=\"4a9f575\" data-element_type=\"widget\" data-e-type=\"widget\" data-widget_type=\"text-editor.default\">\n\t\t\t\t<div class=\"elementor-widget-container\">\n\t\t\t\t\t\t\t\t\t<p style=\"text-align: center;\">Octubre 18, 2024<\/p>\t\t\t\t\t\t\t\t<\/div>\n\t\t\t\t<\/div>\n\t\t\t\t<div class=\"elementor-element elementor-element-ecef0db elementor-align-center elementor-widget elementor-widget-button\" data-id=\"ecef0db\" data-element_type=\"widget\" data-e-type=\"widget\" data-widget_type=\"button.default\">\n\t\t\t\t<div class=\"elementor-widget-container\">\n\t\t\t\t\t\t\t\t\t<div class=\"elementor-button-wrapper\">\n\t\t\t\t\t<a class=\"elementor-button elementor-button-link elementor-size-sm\" href=\"https:\/\/prokartmty.com\/en\/iame-series-mexico-2024\/\">\n\t\t\t\t\t\t<span class=\"elementor-button-content-wrapper\">\n\t\t\t\t\t\t\t\t\t<span class=\"elementor-button-text\">Read more<\/span>\n\t\t\t\t\t<\/span>\n\t\t\t\t\t<\/a>\n\t\t\t\t<\/div>\n\t\t\t\t\t\t\t\t<\/div>\n\t\t\t\t<\/div>\n\t\t\t\t\t<\/div>\n\t\t\t\t<\/div>\n\t\t\t\t<\/div>","protected":false},"excerpt":{"rendered":"<p>IAME Series M\u00e9xico 2024 llega por primera vezde la mano de SKUSA M\u00e9xico Octubre 18, 2024 Leer m\u00e1s<\/p>","protected":false},"author":2,"featured_media":0,"parent":1748,"menu_order":0,"comment_status":"closed","ping_status":"closed","template":"","meta":{"_monsterinsights_skip_tracking":false,"_monsterinsights_sitenote_active":false,"_monsterinsights_sitenote_note":"","_monsterinsights_sitenote_category":0,"footnotes":""},"class_list":["post-4777","page","type-page","status-publish","hentry"],"_links":{"self":[{"href":"https:\/\/prokartmty.com\/en\/wp-json\/wp\/v2\/pages\/4777","targetHints":{"allow":["GET"]}}],"collection":[{"href":"https:\/\/prokartmty.com\/en\/wp-json\/wp\/v2\/pages"}],"about":[{"href":"https:\/\/prokartmty.com\/en\/wp-json\/wp\/v2\/types\/page"}],"author":[{"embeddable":true,"href":"https:\/\/prokartmty.com\/en\/wp-json\/wp\/v2\/users\/2"}],"replies":[{"embeddable":true,"href":"https:\/\/prokartmty.com\/en\/wp-json\/wp\/v2\/comments?post=4777"}],"version-history":[{"count":8,"href":"https:\/\/prokartmty.com\/en\/wp-json\/wp\/v2\/pages\/4777\/revisions"}],"predecessor-version":[{"id":6357,"href":"https:\/\/prokartmty.com\/en\/wp-json\/wp\/v2\/pages\/4777\/revisions\/6357"}],"up":[{"embeddable":true,"href":"https:\/\/prokartmty.com\/en\/wp-json\/wp\/v2\/pages\/1748"}],"wp:attachment":[{"href":"https:\/\/prokartmty.com\/en\/wp-json\/wp\/v2\/media?parent=4777"}],"curies":[{"name":"wp","href":"https:\/\/api.w.org\/{rel}","templated":true}]}}